{"id":229623,"date":"2024-01-05T07:11:44","date_gmt":"2024-01-05T06:11:44","guid":{"rendered":"https:\/\/cartagenacookingschool.com\/?post_type=product&#038;p=229623"},"modified":"2025-01-18T11:28:29","modified_gmt":"2025-01-18T16:28:29","slug":"cocktail-class","status":"publish","type":"product","link":"https:\/\/cartagenacookingschool.com\/es\/producto\/cocktail-class\/","title":{"rendered":"Clase de c\u00f3cteles"},"content":{"rendered":"<h2>Clase de c\u00f3cteles<\/h2>\n<p>Explora el arte de la cocteler\u00eda con nuestras clases especializadas. Sum\u00e9rgete en la creatividad que hay detr\u00e1s de los sabores, aprende t\u00e9cnicas profesionales y eleva tus habilidades para mezclar. Reserva tu clase de cocteler\u00eda y descubre el fascinante mundo de los c\u00f3cteles.<\/p>\n<ul>\n<li>Lunes a s\u00e1bado<\/li>\n<li>5:00 pm to 7:00 pm<\/li>\n<li>Abierto para 10 personas<\/li>\n<li>Clases en ingl\u00e9s y espa\u00f1ol<\/li>\n<li>No es necesario tener conocimientos previos<\/li>\n<\/ul>","protected":false},"excerpt":{"rendered":"<p>Cocktail Class Explore the art of bartending with our specialized classes. Immerse yourself in the creativity behind the flavors, learn professional techniques and elevate your mixing skills. Book your cocktail class experience and discover the fascinating world of cocktails! Monday to Saturday 5:00 pm to 7:00 pm Open to 10 pax Classes in English &amp; [&hellip;]<\/p>\n","protected":false},"featured_media":229708,"comment_status":"closed","ping_status":"closed","template":"","meta":{"_et_pb_use_builder":"","_et_pb_old_content":"","_et_gb_content_width":"","_joinchat":[]},"product_brand":[],"product_cat":[20],"product_tag":[],"class_list":{"0":"post-229623","1":"product","2":"type-product","3":"status-publish","4":"has-post-thumbnail","6":"product_cat-class","8":"first","9":"instock","10":"taxable","11":"shipping-taxable","12":"purchasable","13":"product-type-simple"},"aioseo_notices":[],"_links":{"self":[{"href":"https:\/\/cartagenacookingschool.com\/es\/wp-json\/wp\/v2\/product\/229623","targetHints":{"allow":["GET"]}}],"collection":[{"href":"https:\/\/cartagenacookingschool.com\/es\/wp-json\/wp\/v2\/product"}],"about":[{"href":"https:\/\/cartagenacookingschool.com\/es\/wp-json\/wp\/v2\/types\/product"}],"replies":[{"embeddable":true,"href":"https:\/\/cartagenacookingschool.com\/es\/wp-json\/wp\/v2\/comments?post=229623"}],"wp:featuredmedia":[{"embeddable":true,"href":"https:\/\/cartagenacookingschool.com\/es\/wp-json\/wp\/v2\/media\/229708"}],"wp:attachment":[{"href":"https:\/\/cartagenacookingschool.com\/es\/wp-json\/wp\/v2\/media?parent=229623"}],"wp:term":[{"taxonomy":"product_brand","embeddable":true,"href":"https:\/\/cartagenacookingschool.com\/es\/wp-json\/wp\/v2\/product_brand?post=229623"},{"taxonomy":"product_cat","embeddable":true,"href":"https:\/\/cartagenacookingschool.com\/es\/wp-json\/wp\/v2\/product_cat?post=229623"},{"taxonomy":"product_tag","embeddable":true,"href":"https:\/\/cartagenacookingschool.com\/es\/wp-json\/wp\/v2\/product_tag?post=229623"}],"curies":[{"name":"wp","href":"https:\/\/api.w.org\/{rel}","templated":true}]}}