{"id":229624,"date":"2024-01-05T07:12:38","date_gmt":"2024-01-05T06:12:38","guid":{"rendered":"https:\/\/cartagenacookingschool.com\/?post_type=product&#038;p=229624"},"modified":"2024-01-18T00:01:40","modified_gmt":"2024-01-18T05:01:40","slug":"foods-and-drinks-class","status":"publish","type":"product","link":"https:\/\/cartagenacookingschool.com\/es\/producto\/foods-and-drinks-class\/","title":{"rendered":"Clase de comidas y bebidas"},"content":{"rendered":"<p>Descubre el mundo de la Comida y la Bebida a trav\u00e9s de nuestras clases especializadas. Explora la fusi\u00f3n de sabores y t\u00e9cnicas mientras aprendes a preparar deliciosos combinados. Reserva ya tu clase y sum\u00e9rgete en una experiencia \u00fanica de creaci\u00f3n culinaria y mixolog\u00eda, \u00a1y mejora tus habilidades en la cocina y en la barra!<\/p>\n<ul>\n<li>Lunes a s\u00e1bado<\/li>\n<li>4:00 pm to 7:00 pm<\/li>\n<li>Abierto para 10 personas<\/li>\n<li>Clases en ingl\u00e9s y espa\u00f1ol<\/li>\n<li>No es necesario tener conocimientos previos<\/li>\n<\/ul>","protected":false},"excerpt":{"rendered":"<p>Discover the world of Food &amp; Drinks through our specialized classes. Explore the fusion of flavors and techniques while learning how to prepare delicious combinations. Book your class now and immerse yourself in a unique experience of culinary creation and mixology and improve your skills in the kitchen and at the bar! Monday to Saturday [&hellip;]<\/p>\n","protected":false},"featured_media":229665,"comment_status":"closed","ping_status":"closed","template":"","meta":{"_et_pb_use_builder":"","_et_pb_old_content":"","_et_gb_content_width":"","_joinchat":[]},"product_brand":[],"product_cat":[21],"product_tag":[],"class_list":{"0":"post-229624","1":"product","2":"type-product","3":"status-publish","4":"has-post-thumbnail","6":"product_cat-experience","8":"first","9":"instock","10":"taxable","11":"shipping-taxable","12":"purchasable","13":"product-type-simple"},"aioseo_notices":[],"_links":{"self":[{"href":"https:\/\/cartagenacookingschool.com\/es\/wp-json\/wp\/v2\/product\/229624","targetHints":{"allow":["GET"]}}],"collection":[{"href":"https:\/\/cartagenacookingschool.com\/es\/wp-json\/wp\/v2\/product"}],"about":[{"href":"https:\/\/cartagenacookingschool.com\/es\/wp-json\/wp\/v2\/types\/product"}],"replies":[{"embeddable":true,"href":"https:\/\/cartagenacookingschool.com\/es\/wp-json\/wp\/v2\/comments?post=229624"}],"wp:featuredmedia":[{"embeddable":true,"href":"https:\/\/cartagenacookingschool.com\/es\/wp-json\/wp\/v2\/media\/229665"}],"wp:attachment":[{"href":"https:\/\/cartagenacookingschool.com\/es\/wp-json\/wp\/v2\/media?parent=229624"}],"wp:term":[{"taxonomy":"product_brand","embeddable":true,"href":"https:\/\/cartagenacookingschool.com\/es\/wp-json\/wp\/v2\/product_brand?post=229624"},{"taxonomy":"product_cat","embeddable":true,"href":"https:\/\/cartagenacookingschool.com\/es\/wp-json\/wp\/v2\/product_cat?post=229624"},{"taxonomy":"product_tag","embeddable":true,"href":"https:\/\/cartagenacookingschool.com\/es\/wp-json\/wp\/v2\/product_tag?post=229624"}],"curies":[{"name":"wp","href":"https:\/\/api.w.org\/{rel}","templated":true}]}}