{"id":229625,"date":"2024-01-05T07:12:59","date_gmt":"2024-01-05T06:12:59","guid":{"rendered":"https:\/\/cartagenacookingschool.com\/?post_type=product&#038;p=229625"},"modified":"2024-01-18T00:00:45","modified_gmt":"2024-01-18T05:00:45","slug":"colombian-desserts","status":"publish","type":"product","link":"https:\/\/cartagenacookingschool.com\/es\/producto\/colombian-desserts\/","title":{"rendered":"Postres Colombianos"},"content":{"rendered":"<h2>Postres Colombianos<\/h2>\n<p>Explora la dulzura de la tradici\u00f3n colombiana con nuestras clases especializadas en postres. Aprende a crear aut\u00e9nticas delicias que capturan la esencia de la reposter\u00eda colombiana, \u00a1reserva ya tu clase de postres y sum\u00e9rgete en un mundo de exquisitos sabores y t\u00e9cnicas dulces!<\/p>\n<ul>\n<li>Lunes a s\u00e1bado<\/li>\n<li>2 horas diarias<\/li>\n<li>Espacios bajo reserva<\/li>\n<li>Clases en ingl\u00e9s y espa\u00f1ol<\/li>\n<li>No es necesario tener conocimientos previos<\/li>\n<\/ul>","protected":false},"excerpt":{"rendered":"<p>Colombian Desserts Explore the sweetness of Colombian tradition with our specialized dessert classes. Learn how to create authentic delicacies that capture the essence of Colombian pastries, book your dessert class now and immerse yourself in a world of exquisite flavors and sweet techniques! Monday to Saturday 2 hours daily Spaces upon request Classes in English [&hellip;]<\/p>\n","protected":false},"featured_media":229697,"comment_status":"closed","ping_status":"closed","template":"","meta":{"_et_pb_use_builder":"","_et_pb_old_content":"","_et_gb_content_width":"","_joinchat":[]},"product_brand":[],"product_cat":[21],"product_tag":[],"class_list":{"0":"post-229625","1":"product","2":"type-product","3":"status-publish","4":"has-post-thumbnail","6":"product_cat-experience","8":"first","9":"instock","10":"taxable","11":"shipping-taxable","12":"purchasable","13":"product-type-simple"},"aioseo_notices":[],"_links":{"self":[{"href":"https:\/\/cartagenacookingschool.com\/es\/wp-json\/wp\/v2\/product\/229625","targetHints":{"allow":["GET"]}}],"collection":[{"href":"https:\/\/cartagenacookingschool.com\/es\/wp-json\/wp\/v2\/product"}],"about":[{"href":"https:\/\/cartagenacookingschool.com\/es\/wp-json\/wp\/v2\/types\/product"}],"replies":[{"embeddable":true,"href":"https:\/\/cartagenacookingschool.com\/es\/wp-json\/wp\/v2\/comments?post=229625"}],"wp:featuredmedia":[{"embeddable":true,"href":"https:\/\/cartagenacookingschool.com\/es\/wp-json\/wp\/v2\/media\/229697"}],"wp:attachment":[{"href":"https:\/\/cartagenacookingschool.com\/es\/wp-json\/wp\/v2\/media?parent=229625"}],"wp:term":[{"taxonomy":"product_brand","embeddable":true,"href":"https:\/\/cartagenacookingschool.com\/es\/wp-json\/wp\/v2\/product_brand?post=229625"},{"taxonomy":"product_cat","embeddable":true,"href":"https:\/\/cartagenacookingschool.com\/es\/wp-json\/wp\/v2\/product_cat?post=229625"},{"taxonomy":"product_tag","embeddable":true,"href":"https:\/\/cartagenacookingschool.com\/es\/wp-json\/wp\/v2\/product_tag?post=229625"}],"curies":[{"name":"wp","href":"https:\/\/api.w.org\/{rel}","templated":true}]}}