{"id":229626,"date":"2024-01-05T07:13:23","date_gmt":"2024-01-05T06:13:23","guid":{"rendered":"https:\/\/cartagenacookingschool.com\/?post_type=product&#038;p=229626"},"modified":"2025-01-18T11:21:01","modified_gmt":"2025-01-18T16:21:01","slug":"market-tour-cooking-class","status":"publish","type":"product","link":"https:\/\/cartagenacookingschool.com\/es\/producto\/market-tour-cooking-class\/","title":{"rendered":"Market Tour + Fruit Tasting + Cooking Class"},"content":{"rendered":"<h2>Turismo y Gastronom\u00eda en el Mercado de Bazurto<\/h2>\n<p>Experimenta la autenticidad culinaria de Cartagena con nuestro \"Tour por el Mercado de Bazurto y Clase de Cocina\". Descubre la esencia de la tradici\u00f3n local mientras exploras los intensos sabores y la creatividad en cada rinc\u00f3n del mercado. Vive la magia de Cartagena en una experiencia \u00fanica que combina la historia del mercado con la emoci\u00f3n de una clase de cocina.<\/p>\n<ul>\n<li>Lunes a s\u00e1bado<\/li>\n<li>Espacios bajo reserva<\/li>\n<li>Clases en ingl\u00e9s y espa\u00f1ol<\/li>\n<li>No es necesario tener conocimientos previos<\/li>\n<\/ul>","protected":false},"excerpt":{"rendered":"<p>Tourism and Gastronomy in Bazurto Market Experience the culinary authenticity of Cartagena with our &#8220;Bazurto Market Tour and Cooking Class&#8221;. Discover the essence of local tradition as you explore the intense flavors and creativity in every corner of the market. Experience the magic of Cartagena in a unique experience that combines the history of the [&hellip;]<\/p>\n","protected":false},"featured_media":229674,"comment_status":"closed","ping_status":"closed","template":"","meta":{"_et_pb_use_builder":"","_et_pb_old_content":"","_et_gb_content_width":"","_joinchat":[]},"product_brand":[],"product_cat":[20,21],"product_tag":[],"class_list":{"0":"post-229626","1":"product","2":"type-product","3":"status-publish","4":"has-post-thumbnail","6":"product_cat-class","7":"product_cat-experience","9":"first","10":"instock","11":"taxable","12":"shipping-taxable","13":"purchasable","14":"product-type-simple"},"aioseo_notices":[],"_links":{"self":[{"href":"https:\/\/cartagenacookingschool.com\/es\/wp-json\/wp\/v2\/product\/229626","targetHints":{"allow":["GET"]}}],"collection":[{"href":"https:\/\/cartagenacookingschool.com\/es\/wp-json\/wp\/v2\/product"}],"about":[{"href":"https:\/\/cartagenacookingschool.com\/es\/wp-json\/wp\/v2\/types\/product"}],"replies":[{"embeddable":true,"href":"https:\/\/cartagenacookingschool.com\/es\/wp-json\/wp\/v2\/comments?post=229626"}],"wp:featuredmedia":[{"embeddable":true,"href":"https:\/\/cartagenacookingschool.com\/es\/wp-json\/wp\/v2\/media\/229674"}],"wp:attachment":[{"href":"https:\/\/cartagenacookingschool.com\/es\/wp-json\/wp\/v2\/media?parent=229626"}],"wp:term":[{"taxonomy":"product_brand","embeddable":true,"href":"https:\/\/cartagenacookingschool.com\/es\/wp-json\/wp\/v2\/product_brand?post=229626"},{"taxonomy":"product_cat","embeddable":true,"href":"https:\/\/cartagenacookingschool.com\/es\/wp-json\/wp\/v2\/product_cat?post=229626"},{"taxonomy":"product_tag","embeddable":true,"href":"https:\/\/cartagenacookingschool.com\/es\/wp-json\/wp\/v2\/product_tag?post=229626"}],"curies":[{"name":"wp","href":"https:\/\/api.w.org\/{rel}","templated":true}]}}