{"id":229628,"date":"2024-01-05T07:13:51","date_gmt":"2024-01-05T06:13:51","guid":{"rendered":"https:\/\/cartagenacookingschool.com\/?post_type=product&#038;p=229628"},"modified":"2025-01-18T11:19:07","modified_gmt":"2025-01-18T16:19:07","slug":"fruit-tasting","status":"publish","type":"product","link":"https:\/\/cartagenacookingschool.com\/es\/producto\/fruit-tasting\/","title":{"rendered":"Degustaci\u00f3n de frutas"},"content":{"rendered":"<p>Explora la explosi\u00f3n de sabores tropicales con nuestras clases de cata de frutas locales en Cartagena. Sum\u00e9rgete en la frescura y diversidad de las frutas de la regi\u00f3n mientras aprendes a apreciar sus matices \u00fanicos. Reserva ya tu clase y d\u00e9jate llevar por una experiencia refrescante llena de deliciosos descubrimientos.<\/p>\n<ul>\n<li>Lunes a s\u00e1bado<\/li>\n<li>Espacios bajo reserva<\/li>\n<li>Clases en ingl\u00e9s y espa\u00f1ol<\/li>\n<li>No es necesario tener conocimientos previos<\/li>\n<\/ul>","protected":false},"excerpt":{"rendered":"<p>Explore the explosion of tropical flavors with our local fruit tasting classes in Cartagena. Immerse yourself in the freshness and diversity of the region&#8217;s fruits while learning to appreciate their unique nuances. Book your class now and let yourself be carried away by a refreshing experience full of delicious discoveries! Monday to Saturday Spaces upon [&hellip;]<\/p>\n","protected":false},"featured_media":229658,"comment_status":"closed","ping_status":"closed","template":"","meta":{"_et_pb_use_builder":"","_et_pb_old_content":"","_et_gb_content_width":"","_joinchat":[]},"product_brand":[],"product_cat":[20,21],"product_tag":[],"class_list":{"0":"post-229628","1":"product","2":"type-product","3":"status-publish","4":"has-post-thumbnail","6":"product_cat-class","7":"product_cat-experience","9":"first","10":"instock","11":"taxable","12":"shipping-taxable","13":"purchasable","14":"product-type-simple"},"aioseo_notices":[],"_links":{"self":[{"href":"https:\/\/cartagenacookingschool.com\/es\/wp-json\/wp\/v2\/product\/229628","targetHints":{"allow":["GET"]}}],"collection":[{"href":"https:\/\/cartagenacookingschool.com\/es\/wp-json\/wp\/v2\/product"}],"about":[{"href":"https:\/\/cartagenacookingschool.com\/es\/wp-json\/wp\/v2\/types\/product"}],"replies":[{"embeddable":true,"href":"https:\/\/cartagenacookingschool.com\/es\/wp-json\/wp\/v2\/comments?post=229628"}],"wp:featuredmedia":[{"embeddable":true,"href":"https:\/\/cartagenacookingschool.com\/es\/wp-json\/wp\/v2\/media\/229658"}],"wp:attachment":[{"href":"https:\/\/cartagenacookingschool.com\/es\/wp-json\/wp\/v2\/media?parent=229628"}],"wp:term":[{"taxonomy":"product_brand","embeddable":true,"href":"https:\/\/cartagenacookingschool.com\/es\/wp-json\/wp\/v2\/product_brand?post=229628"},{"taxonomy":"product_cat","embeddable":true,"href":"https:\/\/cartagenacookingschool.com\/es\/wp-json\/wp\/v2\/product_cat?post=229628"},{"taxonomy":"product_tag","embeddable":true,"href":"https:\/\/cartagenacookingschool.com\/es\/wp-json\/wp\/v2\/product_tag?post=229628"}],"curies":[{"name":"wp","href":"https:\/\/api.w.org\/{rel}","templated":true}]}}