{"id":229630,"date":"2024-01-05T07:14:05","date_gmt":"2024-01-05T06:14:05","guid":{"rendered":"https:\/\/cartagenacookingschool.com\/?post_type=product&#038;p=229630"},"modified":"2024-01-05T09:00:44","modified_gmt":"2024-01-05T08:00:44","slug":"chef-at-home","status":"publish","type":"product","link":"https:\/\/cartagenacookingschool.com\/es\/producto\/chef-at-home\/","title":{"rendered":"Chef a domicilio"},"content":{"rendered":"<div id=\"text-3847541309\" class=\"text\">\n<h2>Chef a domicilio<\/h2>\n<\/div>\n<div id=\"text-2598586959\" class=\"text\">\n<p>Un chef llega a tu casa preparar exquisitos platillos de tu elecci\u00f3n, se ofrece el valor del servicio por n\u00famero de personas o n\u00famero de d\u00edas y el men\u00fa que deseen que se prepare, este se ajusta a la medida del comensal.<\/p>\n<\/div>","protected":false},"excerpt":{"rendered":"<p>Chef at home Un chef llega a tu casa preparar exquisitos platillos de tu elecci\u00f3n, se ofrece el valor del servicio por n\u00famero de personas o n\u00famero de d\u00edas y el men\u00fa que deseen que se prepare, este se ajusta a la medida del comensal.<\/p>","protected":false},"featured_media":229609,"comment_status":"closed","ping_status":"closed","template":"","meta":{"_et_pb_use_builder":"","_et_pb_old_content":"","_et_gb_content_width":"","_joinchat":[]},"product_brand":[],"product_cat":[21],"product_tag":[],"class_list":{"0":"post-229630","1":"product","2":"type-product","3":"status-publish","4":"has-post-thumbnail","6":"product_cat-experience","8":"first","9":"instock","10":"taxable","11":"shipping-taxable","12":"purchasable","13":"product-type-simple"},"aioseo_notices":[],"_links":{"self":[{"href":"https:\/\/cartagenacookingschool.com\/es\/wp-json\/wp\/v2\/product\/229630","targetHints":{"allow":["GET"]}}],"collection":[{"href":"https:\/\/cartagenacookingschool.com\/es\/wp-json\/wp\/v2\/product"}],"about":[{"href":"https:\/\/cartagenacookingschool.com\/es\/wp-json\/wp\/v2\/types\/product"}],"replies":[{"embeddable":true,"href":"https:\/\/cartagenacookingschool.com\/es\/wp-json\/wp\/v2\/comments?post=229630"}],"wp:featuredmedia":[{"embeddable":true,"href":"https:\/\/cartagenacookingschool.com\/es\/wp-json\/wp\/v2\/media\/229609"}],"wp:attachment":[{"href":"https:\/\/cartagenacookingschool.com\/es\/wp-json\/wp\/v2\/media?parent=229630"}],"wp:term":[{"taxonomy":"product_brand","embeddable":true,"href":"https:\/\/cartagenacookingschool.com\/es\/wp-json\/wp\/v2\/product_brand?post=229630"},{"taxonomy":"product_cat","embeddable":true,"href":"https:\/\/cartagenacookingschool.com\/es\/wp-json\/wp\/v2\/product_cat?post=229630"},{"taxonomy":"product_tag","embeddable":true,"href":"https:\/\/cartagenacookingschool.com\/es\/wp-json\/wp\/v2\/product_tag?post=229630"}],"curies":[{"name":"wp","href":"https:\/\/api.w.org\/{rel}","templated":true}]}}